{"id":1836,"date":"2010-07-17T13:19:15","date_gmt":"2010-07-17T18:19:15","guid":{"rendered":"http:\/\/www.manodepapel.com\/blog\/?page_id=1836"},"modified":"2021-01-13T16:56:13","modified_gmt":"2021-01-13T21:56:13","slug":"contact-us","status":"publish","type":"page","link":"http:\/\/www.manodepapel.com\/blog\/?page_id=1836","title":{"rendered":"Contactanos"},"content":{"rendered":"<p><a href=\"http:\/\/www.manodepapel.com\/blog\/wp-content\/uploads\/2017\/11\/yo.jpg\"><img loading=\"lazy\" decoding=\"async\" class=\"alignnone size-full wp-image-12326\" src=\"http:\/\/www.manodepapel.com\/blog\/wp-content\/uploads\/2017\/11\/yo.jpg\" alt=\"\" width=\"700\" height=\"700\" srcset=\"http:\/\/www.manodepapel.com\/blog\/wp-content\/uploads\/2017\/11\/yo.jpg 700w, http:\/\/www.manodepapel.com\/blog\/wp-content\/uploads\/2017\/11\/yo-150x150.jpg 150w, http:\/\/www.manodepapel.com\/blog\/wp-content\/uploads\/2017\/11\/yo-300x300.jpg 300w, http:\/\/www.manodepapel.com\/blog\/wp-content\/uploads\/2017\/11\/yo-378x378.jpg 378w, http:\/\/www.manodepapel.com\/blog\/wp-content\/uploads\/2017\/11\/yo-580x580.jpg 580w\" sizes=\"auto, (max-width: 700px) 100vw, 700px\" \/><\/a><\/p>\n<p><strong>Santiago Sol\u00eds Montes de Oca<\/strong><\/p>\n<p>Ciudad de M\u00e9xico, 1982. Dise\u00f1ador e ilustrador, con especialidad en dise\u00f1o editorial por la Escuela de Dise\u00f1o del INBA. Dirige el estudio de dise\u00f1o Mano de Papel y su sello editorial Libros de Mano que junto con Oink Ediciones publican la colecci\u00f3n de libros de dibujo &#8220;Los Indelebles&#8221;. Socio en la editorial <a href=\"http:\/\/www.malpaisediciones.com\" target=\"_blank\" rel=\"noopener\">Malpa\u00eds Ediciones<\/a>. Fue editor de contenidos en el blog de dise\u00f1o <a href=\"http:\/\/www.nfgraphics.com\" target=\"_blank\" rel=\"noopener\">NiceFuckingGraphics<\/a>. Su trabajo ha sido expuesto en Finlandia, Bolivia, Cuba, Corea, B\u00e9lgica, Espa\u00f1a, Ucrania, Colombia, Argentina, Chile, Per\u00fa, Rusia, Alemania, Emiratos \u00c1rabes y M\u00e9xico. Es coordinador del diplomado Casa Ilustraci\u00f3n: Narrativa de las im\u00e1genes, en la FAD-UNAM. Parte de la planta docente del diplomado de Novela Gr\u00e1fica en la Academia de San Carlos UNAM. Gusta de hacer carteles, libros propios y ajenos, proyecto sin retorno, colaboraciones con personas de otras disciplinas en proyectos que tienen como prioridad la suma de esfuerzos.<\/p>\n<p><a href=\"http:\/\/www.manodepapel.com\" target=\"_blank\" rel=\"noopener\"><strong>Estudio Mano de Papel<\/strong><\/a><\/p>\n<p>santiago_ex@hotmail.com<br \/>\nmanodepapel@yahoo.com.mx<\/p>\n<p>Compra libros editados y dise\u00f1ados por el estudio:<\/p>\n<p><strong><a href=\"http:\/\/malpaisediciones.com\/sitio\/\">Malpa\u00eds Ediciones<\/a><\/strong><\/p>\n<p><a href=\"https:\/\/listado.mercadolibre.com.mx\/_CustId_163373660\"><strong>Los Indelebles<\/strong><\/a><\/p>\n\n<div class=\"wpcf7 no-js\" id=\"wpcf7-f8549-o1\" lang=\"en-US\" dir=\"ltr\" data-wpcf7-id=\"8549\">\n<div class=\"screen-reader-response\"><p role=\"status\" aria-live=\"polite\" aria-atomic=\"true\"><\/p> <ul><\/ul><\/div>\n<form action=\"\/blog\/index.php?rest_route=%2Fwp%2Fv2%2Fpages%2F1836#wpcf7-f8549-o1\" method=\"post\" class=\"wpcf7-form init\" aria-label=\"Contact form\" novalidate=\"novalidate\" data-status=\"init\">\n<fieldset class=\"hidden-fields-container\"><input type=\"hidden\" name=\"_wpcf7\" value=\"8549\" \/><input type=\"hidden\" name=\"_wpcf7_version\" value=\"6.1.5\" \/><input type=\"hidden\" name=\"_wpcf7_locale\" value=\"en_US\" \/><input type=\"hidden\" name=\"_wpcf7_unit_tag\" value=\"wpcf7-f8549-o1\" \/><input type=\"hidden\" name=\"_wpcf7_container_post\" value=\"0\" \/><input type=\"hidden\" name=\"_wpcf7_posted_data_hash\" value=\"\" \/>\n<\/fieldset>\n<p>Nombre: (required)\n<\/p>\n<p><span class=\"wpcf7-form-control-wrap\" data-name=\"your-name\"><input size=\"40\" maxlength=\"400\" class=\"wpcf7-form-control wpcf7-text wpcf7-validates-as-required\" aria-required=\"true\" aria-invalid=\"false\" value=\"\" type=\"text\" name=\"your-name\" \/><\/span>\n<\/p>\n<p>Email (required)\n<\/p>\n<p><span class=\"wpcf7-form-control-wrap\" data-name=\"your-email\"><input size=\"40\" maxlength=\"400\" class=\"wpcf7-form-control wpcf7-email wpcf7-validates-as-required wpcf7-text wpcf7-validates-as-email\" aria-required=\"true\" aria-invalid=\"false\" value=\"\" type=\"email\" name=\"your-email\" \/><\/span>\n<\/p>\n<p>Asunto (required)\n<\/p>\n<p><span class=\"wpcf7-form-control-wrap\" data-name=\"your-subject\"><input size=\"40\" maxlength=\"400\" class=\"wpcf7-form-control wpcf7-text wpcf7-validates-as-required\" aria-required=\"true\" aria-invalid=\"false\" value=\"\" type=\"text\" name=\"your-subject\" \/><\/span>\n<\/p>\n<p>Deja tu mensaje (required)\n<\/p>\n<p><span class=\"wpcf7-form-control-wrap\" data-name=\"your-message\"><textarea cols=\"40\" rows=\"10\" maxlength=\"2000\" class=\"wpcf7-form-control wpcf7-textarea wpcf7-validates-as-required\" aria-required=\"true\" aria-invalid=\"false\" name=\"your-message\"><\/textarea><\/span>\n<\/p>\n<p><span class=\"wpcf7-form-control-wrap\" data-name=\"checkbox-761\"><span class=\"wpcf7-form-control wpcf7-checkbox wpcf7-validates-as-required\"><span class=\"wpcf7-list-item first last\"><input type=\"checkbox\" name=\"checkbox-761[]\" value=\"Enviar mensaje\" \/><span class=\"wpcf7-list-item-label\">Enviar mensaje<\/span><\/span><\/span><\/span>\n<\/p>\n<p><input class=\"wpcf7-form-control wpcf7-submit has-spinner\" type=\"submit\" value=\"Enviar\" \/>\n<\/p><p style=\"display: none !important;\" class=\"akismet-fields-container\" data-prefix=\"_wpcf7_ak_\"><label>&#916;<textarea name=\"_wpcf7_ak_hp_textarea\" cols=\"45\" rows=\"8\" maxlength=\"100\"><\/textarea><\/label><input type=\"hidden\" id=\"ak_js_1\" name=\"_wpcf7_ak_js\" value=\"32\"\/><script>document.getElementById( \"ak_js_1\" ).setAttribute( \"value\", ( new Date() ).getTime() );<\/script><\/p><div class=\"wpcf7-response-output\" aria-hidden=\"true\"><\/div>\n<\/form>\n<\/div>\n\n","protected":false},"excerpt":{"rendered":"<p>Santiago Sol\u00eds Montes de Oca Ciudad de M\u00e9xico, 1982. Dise\u00f1ador e ilustrador,&#8230;<\/p>\n<p><a href=\"http:\/\/www.manodepapel.com\/blog\/?page_id=1836\" class=\"more\">Seguir leyendo<\/a><\/p>\n","protected":false},"author":1,"featured_media":0,"parent":0,"menu_order":0,"comment_status":"closed","ping_status":"open","template":"","meta":{"footnotes":""},"class_list":["post-1836","page","type-page","status-publish","hentry"],"_links":{"self":[{"href":"http:\/\/www.manodepapel.com\/blog\/index.php?rest_route=\/wp\/v2\/pages\/1836","targetHints":{"allow":["GET"]}}],"collection":[{"href":"http:\/\/www.manodepapel.com\/blog\/index.php?rest_route=\/wp\/v2\/pages"}],"about":[{"href":"http:\/\/www.manodepapel.com\/blog\/index.php?rest_route=\/wp\/v2\/types\/page"}],"author":[{"embeddable":true,"href":"http:\/\/www.manodepapel.com\/blog\/index.php?rest_route=\/wp\/v2\/users\/1"}],"replies":[{"embeddable":true,"href":"http:\/\/www.manodepapel.com\/blog\/index.php?rest_route=%2Fwp%2Fv2%2Fcomments&post=1836"}],"version-history":[{"count":12,"href":"http:\/\/www.manodepapel.com\/blog\/index.php?rest_route=\/wp\/v2\/pages\/1836\/revisions"}],"predecessor-version":[{"id":12392,"href":"http:\/\/www.manodepapel.com\/blog\/index.php?rest_route=\/wp\/v2\/pages\/1836\/revisions\/12392"}],"wp:attachment":[{"href":"http:\/\/www.manodepapel.com\/blog\/index.php?rest_route=%2Fwp%2Fv2%2Fmedia&parent=1836"}],"curies":[{"name":"wp","href":"https:\/\/api.w.org\/{rel}","templated":true}]}}