{"id":2,"date":"2007-10-15T18:15:12","date_gmt":"2007-10-15T23:15:12","guid":{"rendered":""},"modified":"2013-06-12T16:56:05","modified_gmt":"2013-06-12T21:56:05","slug":"about","status":"publish","type":"page","link":"http:\/\/www.manodepapel.com\/blog\/","title":{"rendered":"Mano de Papel"},"content":{"rendered":"<p><a href=\"http:\/\/www.manodepapel.com\/blog\/wp-content\/uploads\/2007\/10\/acerca.jpg\"><img loading=\"lazy\" decoding=\"async\" src=\"http:\/\/www.manodepapel.com\/blog\/wp-content\/uploads\/2007\/10\/acerca.jpg\" alt=\"Mano de Papel\" width=\"700\" height=\"833\" class=\"alignnone size-full wp-image-8532\" srcset=\"http:\/\/www.manodepapel.com\/blog\/wp-content\/uploads\/2007\/10\/acerca.jpg 700w, http:\/\/www.manodepapel.com\/blog\/wp-content\/uploads\/2007\/10\/acerca-252x300.jpg 252w, http:\/\/www.manodepapel.com\/blog\/wp-content\/uploads\/2007\/10\/acerca-378x449.jpg 378w, http:\/\/www.manodepapel.com\/blog\/wp-content\/uploads\/2007\/10\/acerca-580x690.jpg 580w\" sizes=\"auto, (max-width: 700px) 100vw, 700px\" \/><\/a><\/p>\n<p>El Estudio Mano de Papel naci\u00f3 en la ciudad de Durango, M\u00e9xico, en alg\u00fan caluroso d\u00eda de verano del lejano 2005. Fundado por Marcela Rom\u00e1n (ex-socio), Jes\u00fas Castagni (ex-socio) y Santiago Sol\u00eds. Las cosas han cambiado con los a\u00f1os, tenemos m\u00e1s pel\u00edculas en la video y el estudio funciona m\u00e1s al estilo de un sat\u00e9lite m\u00f3vil que de un espacio f\u00edsico est\u00e1tico. Santiago Sol\u00eds dirige la embarcaci\u00f3n que niega a ser hundida pese al pillaje, sabotaje y amotinamiento de su tripulaci\u00f3n.<\/p>\n<p><strong>Dise\u00f1ar es planificar.<\/strong><\/p>\n","protected":false},"excerpt":{"rendered":"<p>El Estudio Mano de Papel naci\u00f3 en la ciudad de Durango, M\u00e9xico,&#8230;<\/p>\n<p><a href=\"http:\/\/www.manodepapel.com\/blog\/\" class=\"more\">Seguir leyendo<\/a><\/p>\n","protected":false},"author":1,"featured_media":0,"parent":0,"menu_order":0,"comment_status":"open","ping_status":"closed","template":"","meta":{"footnotes":""},"class_list":["post-2","page","type-page","status-publish","hentry"],"_links":{"self":[{"href":"http:\/\/www.manodepapel.com\/blog\/index.php?rest_route=\/wp\/v2\/pages\/2","targetHints":{"allow":["GET"]}}],"collection":[{"href":"http:\/\/www.manodepapel.com\/blog\/index.php?rest_route=\/wp\/v2\/pages"}],"about":[{"href":"http:\/\/www.manodepapel.com\/blog\/index.php?rest_route=\/wp\/v2\/types\/page"}],"author":[{"embeddable":true,"href":"http:\/\/www.manodepapel.com\/blog\/index.php?rest_route=\/wp\/v2\/users\/1"}],"replies":[{"embeddable":true,"href":"http:\/\/www.manodepapel.com\/blog\/index.php?rest_route=%2Fwp%2Fv2%2Fcomments&post=2"}],"version-history":[{"count":5,"href":"http:\/\/www.manodepapel.com\/blog\/index.php?rest_route=\/wp\/v2\/pages\/2\/revisions"}],"predecessor-version":[{"id":8536,"href":"http:\/\/www.manodepapel.com\/blog\/index.php?rest_route=\/wp\/v2\/pages\/2\/revisions\/8536"}],"wp:attachment":[{"href":"http:\/\/www.manodepapel.com\/blog\/index.php?rest_route=%2Fwp%2Fv2%2Fmedia&parent=2"}],"curies":[{"name":"wp","href":"https:\/\/api.w.org\/{rel}","templated":true}]}}